{"id":7432,"date":"2026-04-25T01:56:13","date_gmt":"2026-04-24T22:56:13","guid":{"rendered":"https:\/\/alaryanmobile.com\/product\/apple-watch-se-2\/"},"modified":"2026-04-25T01:59:03","modified_gmt":"2026-04-24T22:59:03","slug":"%d8%a7%d8%a8%d9%84-%d9%88%d8%aa%d8%b4-%d8%a7%d8%b3-%d8%a7%d9%8a-2","status":"publish","type":"product","link":"https:\/\/alaryanmobile.com\/ar\/product\/%d8%a7%d8%a8%d9%84-%d9%88%d8%aa%d8%b4-%d8%a7%d8%b3-%d8%a7%d9%8a-2\/","title":{"rendered":"\u0627\u0628\u0644 \u0648\u062a\u0634 \u0627\u0633 \u0627\u064a 2"},"content":{"rendered":"<h1>Une montre connect\u00e9e abordable dot\u00e9e d&#8217;un processeur S8 et d&#8217;un \u00e9cran Retina OLED, prenant en charge le suivi d&#8217;activit\u00e9 et de sant\u00e9 (fr\u00e9quence cardiaque + d\u00e9tection des chutes), r\u00e9sistante \u00e0 l&#8217;eau jusqu&#8217;\u00e0 50 m\u00e8tres et disposant d&#8217;une batterie d&#8217;une autonomie allant jusqu&#8217;\u00e0 18 heures, mais qui ne poss\u00e8de pas de fonctionnalit\u00e9s avanc\u00e9es telles que l&#8217;affichage permanent et la mesure de l&#8217;oxyg\u00e8ne.<\/h1>\n","protected":false},"excerpt":{"rendered":"<p>Une montre connect\u00e9e abordable dot\u00e9e d&#8217;un processeur S8 et d&#8217;un \u00e9cran Retina OLED, prenant en charge le suivi d&#8217;activit\u00e9 et<\/p>\n","protected":false},"featured_media":7429,"comment_status":"open","ping_status":"closed","template":"","meta":{"_acf_changed":false},"product_brand":[284],"product_cat":[280],"product_tag":[],"class_list":{"0":"post-7432","1":"product","2":"type-product","3":"status-publish","4":"has-post-thumbnail","6":"product_brand-apple","7":"product_cat-smart-watches","9":"first","10":"instock","11":"sale","12":"taxable","13":"shipping-taxable","14":"purchasable","15":"product-type-variable"},"acf":[],"yoast_head":"<!-- This site is optimized with the Yoast SEO plugin v27.3 - https:\/\/yoast.com\/product\/yoast-seo-wordpress\/ -->\n<title>\u0627\u0628\u0644 \u0648\u062a\u0634 \u0627\u0633 \u0627\u064a 2<\/title>\n<meta name=\"description\" content=\"Une montre connect\u00e9e abordable dot\u00e9e d&#039;un processeur S8 et d&#039;un \u00e9cran Retina OLED, prenant en charge le suivi d&#039;activit\u00e9 et de sant\u00e9 (fr\u00e9quence cardiaque + d\u00e9tection des chutes), r\u00e9sistante \u00e0 l&#039;eau jusqu&#039;\u00e0 50 m\u00e8tres et disposant d&#039;une batterie d&#039;une autonomie allant jusqu&#039;\u00e0 18 heures, mais qui ne poss\u00e8de pas de fonctionnalit\u00e9s avanc\u00e9es telles que l&#039;affichage permanent et la mesure de l&#039;oxyg\u00e8ne.\" \/>\n<meta name=\"robots\" content=\"index, follow, max-snippet:-1, max-image-preview:large, max-video-preview:-1\" \/>\n<link rel=\"canonical\" href=\"https:\/\/alaryanmobile.com\/ar\/product\/%d8%a7%d8%a8%d9%84-%d9%88%d8%aa%d8%b4-%d8%a7%d8%b3-%d8%a7%d9%8a-2\/\" \/>\n<meta property=\"og:locale\" content=\"ar_AR\" \/>\n<meta property=\"og:type\" content=\"article\" \/>\n<meta property=\"og:title\" content=\"\u0627\u0628\u0644 \u0648\u062a\u0634 \u0627\u0633 \u0627\u064a 2\" \/>\n<meta property=\"og:description\" content=\"Une montre connect\u00e9e abordable dot\u00e9e d&#039;un processeur S8 et d&#039;un \u00e9cran Retina OLED, prenant en charge le suivi d&#039;activit\u00e9 et de sant\u00e9 (fr\u00e9quence cardiaque + d\u00e9tection des chutes), r\u00e9sistante \u00e0 l&#039;eau jusqu&#039;\u00e0 50 m\u00e8tres et disposant d&#039;une batterie d&#039;une autonomie allant jusqu&#039;\u00e0 18 heures, mais qui ne poss\u00e8de pas de fonctionnalit\u00e9s avanc\u00e9es telles que l&#039;affichage permanent et la mesure de l&#039;oxyg\u00e8ne.\" \/>\n<meta property=\"og:url\" content=\"https:\/\/alaryanmobile.com\/ar\/product\/%d8%a7%d8%a8%d9%84-%d9%88%d8%aa%d8%b4-%d8%a7%d8%b3-%d8%a7%d9%8a-2\/\" \/>\n<meta property=\"og:site_name\" content=\"Al-Aryan Mobile\" \/>\n<meta property=\"article:modified_time\" content=\"2026-04-24T22:59:03+00:00\" \/>\n<meta property=\"og:image\" content=\"https:\/\/alaryanmobile.com\/wp-content\/uploads\/2026\/04\/AppleWatch_SE_GPS_Midnight_Aluminum_Midnight_Sport_Band_PDP_Image_Position-01_EN_1206x1206_fcee6d06-6a3a-4cbc-a5a3-8407d8f56224_600x600.webp\" \/>\n\t<meta property=\"og:image:width\" content=\"600\" \/>\n\t<meta property=\"og:image:height\" content=\"600\" \/>\n\t<meta property=\"og:image:type\" content=\"image\/webp\" \/>\n<meta name=\"twitter:card\" content=\"summary_large_image\" \/>\n<meta name=\"twitter:label1\" content=\"\u0648\u0642\u062a \u0627\u0644\u0642\u0631\u0627\u0621\u0629 \u0627\u0644\u0645\u064f\u0642\u062f\u0651\u0631\" \/>\n\t<meta name=\"twitter:data1\" content=\"1 \u062f\u0642\u064a\u0642\u0629\" \/>\n<script type=\"application\/ld+json\" class=\"yoast-schema-graph\">{\"@context\":\"https:\\\/\\\/schema.org\",\"@graph\":[{\"@type\":[\"WebPage\",\"ItemPage\"],\"@id\":\"https:\\\/\\\/alaryanmobile.com\\\/ar\\\/product\\\/%d8%a7%d8%a8%d9%84-%d9%88%d8%aa%d8%b4-%d8%a7%d8%b3-%d8%a7%d9%8a-2\\\/\",\"url\":\"https:\\\/\\\/alaryanmobile.com\\\/ar\\\/product\\\/%d8%a7%d8%a8%d9%84-%d9%88%d8%aa%d8%b4-%d8%a7%d8%b3-%d8%a7%d9%8a-2\\\/\",\"name\":\"\u0627\u0628\u0644 \u0648\u062a\u0634 \u0627\u0633 \u0627\u064a 2\",\"isPartOf\":{\"@id\":\"https:\\\/\\\/alaryanmobile.com\\\/ar\\\/#website\"},\"primaryImageOfPage\":{\"@id\":\"https:\\\/\\\/alaryanmobile.com\\\/ar\\\/product\\\/%d8%a7%d8%a8%d9%84-%d9%88%d8%aa%d8%b4-%d8%a7%d8%b3-%d8%a7%d9%8a-2\\\/#primaryimage\"},\"image\":{\"@id\":\"https:\\\/\\\/alaryanmobile.com\\\/ar\\\/product\\\/%d8%a7%d8%a8%d9%84-%d9%88%d8%aa%d8%b4-%d8%a7%d8%b3-%d8%a7%d9%8a-2\\\/#primaryimage\"},\"thumbnailUrl\":\"https:\\\/\\\/alaryanmobile.com\\\/wp-content\\\/uploads\\\/2026\\\/04\\\/AppleWatch_SE_GPS_Midnight_Aluminum_Midnight_Sport_Band_PDP_Image_Position-01_EN_1206x1206_fcee6d06-6a3a-4cbc-a5a3-8407d8f56224_600x600.webp\",\"datePublished\":\"2026-04-24T22:56:13+00:00\",\"dateModified\":\"2026-04-24T22:59:03+00:00\",\"description\":\"Une montre connect\u00e9e abordable dot\u00e9e d'un processeur S8 et d'un \u00e9cran Retina OLED, prenant en charge le suivi d'activit\u00e9 et de sant\u00e9 (fr\u00e9quence cardiaque + d\u00e9tection des chutes), r\u00e9sistante \u00e0 l'eau jusqu'\u00e0 50 m\u00e8tres et disposant d'une batterie d'une autonomie allant jusqu'\u00e0 18 heures, mais qui ne poss\u00e8de pas de fonctionnalit\u00e9s avanc\u00e9es telles que l'affichage permanent et la mesure de l'oxyg\u00e8ne.\",\"breadcrumb\":{\"@id\":\"https:\\\/\\\/alaryanmobile.com\\\/ar\\\/product\\\/%d8%a7%d8%a8%d9%84-%d9%88%d8%aa%d8%b4-%d8%a7%d8%b3-%d8%a7%d9%8a-2\\\/#breadcrumb\"},\"inLanguage\":\"ar\",\"potentialAction\":[{\"@type\":\"ReadAction\",\"target\":[\"https:\\\/\\\/alaryanmobile.com\\\/ar\\\/product\\\/%d8%a7%d8%a8%d9%84-%d9%88%d8%aa%d8%b4-%d8%a7%d8%b3-%d8%a7%d9%8a-2\\\/\"]}]},{\"@type\":\"ImageObject\",\"inLanguage\":\"ar\",\"@id\":\"https:\\\/\\\/alaryanmobile.com\\\/ar\\\/product\\\/%d8%a7%d8%a8%d9%84-%d9%88%d8%aa%d8%b4-%d8%a7%d8%b3-%d8%a7%d9%8a-2\\\/#primaryimage\",\"url\":\"https:\\\/\\\/alaryanmobile.com\\\/wp-content\\\/uploads\\\/2026\\\/04\\\/AppleWatch_SE_GPS_Midnight_Aluminum_Midnight_Sport_Band_PDP_Image_Position-01_EN_1206x1206_fcee6d06-6a3a-4cbc-a5a3-8407d8f56224_600x600.webp\",\"contentUrl\":\"https:\\\/\\\/alaryanmobile.com\\\/wp-content\\\/uploads\\\/2026\\\/04\\\/AppleWatch_SE_GPS_Midnight_Aluminum_Midnight_Sport_Band_PDP_Image_Position-01_EN_1206x1206_fcee6d06-6a3a-4cbc-a5a3-8407d8f56224_600x600.webp\",\"width\":600,\"height\":600,\"caption\":\"Apple Watch SE 2\"},{\"@type\":\"BreadcrumbList\",\"@id\":\"https:\\\/\\\/alaryanmobile.com\\\/ar\\\/product\\\/%d8%a7%d8%a8%d9%84-%d9%88%d8%aa%d8%b4-%d8%a7%d8%b3-%d8%a7%d9%8a-2\\\/#breadcrumb\",\"itemListElement\":[{\"@type\":\"ListItem\",\"position\":1,\"name\":\"Home\",\"item\":\"https:\\\/\\\/alaryanmobile.com\\\/ar\\\/\"},{\"@type\":\"ListItem\",\"position\":2,\"name\":\"\u0627\u0644\u0645\u062a\u062c\u0631\",\"item\":\"https:\\\/\\\/alaryanmobile.com\\\/ar\\\/%d8%a7%d9%84%d9%85%d8%aa%d8%ac%d8%b1\\\/\"},{\"@type\":\"ListItem\",\"position\":3,\"name\":\"\u0627\u0644\u0633\u0627\u0639\u0627\u062a \u0627\u0644\u0630\u0643\u064a\u0629 \u0648\u0623\u0633\u0627\u0648\u0631 \u0627\u0644\u0644\u064a\u0627\u0642\u0629\",\"item\":\"https:\\\/\\\/alaryanmobile.com\\\/ar\\\/product-category\\\/smart-watches-bands\\\/\"},{\"@type\":\"ListItem\",\"position\":4,\"name\":\"\u0627\u0644\u0633\u0627\u0639\u0627\u062a \u0627\u0644\u0630\u0643\u064a\u0629\",\"item\":\"https:\\\/\\\/alaryanmobile.com\\\/ar\\\/product-category\\\/smart-watches-bands\\\/smart-watches\\\/\"},{\"@type\":\"ListItem\",\"position\":5,\"name\":\"\u0627\u0628\u0644 \u0648\u062a\u0634 \u0627\u0633 \u0627\u064a 2\"}]},{\"@type\":\"WebSite\",\"@id\":\"https:\\\/\\\/alaryanmobile.com\\\/ar\\\/#website\",\"url\":\"https:\\\/\\\/alaryanmobile.com\\\/ar\\\/\",\"name\":\"Al-Aryan Mobile\",\"description\":\"Buy mobile phones, accessories, and smart devices in Jordan at great prices. Fast delivery, trusted products, and easy installment options. Shop online at Al-Aryan Mobile.\",\"publisher\":{\"@id\":\"https:\\\/\\\/alaryanmobile.com\\\/ar\\\/#organization\"},\"potentialAction\":[{\"@type\":\"SearchAction\",\"target\":{\"@type\":\"EntryPoint\",\"urlTemplate\":\"https:\\\/\\\/alaryanmobile.com\\\/ar\\\/?s={search_term_string}\"},\"query-input\":{\"@type\":\"PropertyValueSpecification\",\"valueRequired\":true,\"valueName\":\"search_term_string\"}}],\"inLanguage\":\"ar\"},{\"@type\":\"Organization\",\"@id\":\"https:\\\/\\\/alaryanmobile.com\\\/ar\\\/#organization\",\"name\":\"Al-Aryan Mobile\",\"url\":\"https:\\\/\\\/alaryanmobile.com\\\/ar\\\/\",\"logo\":{\"@type\":\"ImageObject\",\"inLanguage\":\"ar\",\"@id\":\"https:\\\/\\\/alaryanmobile.com\\\/ar\\\/#\\\/schema\\\/logo\\\/image\\\/\",\"url\":\"https:\\\/\\\/alaryanmobile.com\\\/wp-content\\\/uploads\\\/2025\\\/12\\\/Al-Aryan-Mobile-logo.png\",\"contentUrl\":\"https:\\\/\\\/alaryanmobile.com\\\/wp-content\\\/uploads\\\/2025\\\/12\\\/Al-Aryan-Mobile-logo.png\",\"width\":1080,\"height\":344,\"caption\":\"Al-Aryan Mobile\"},\"image\":{\"@id\":\"https:\\\/\\\/alaryanmobile.com\\\/ar\\\/#\\\/schema\\\/logo\\\/image\\\/\"}}]}<\/script>\n<!-- \/ Yoast SEO plugin. -->","yoast_head_json":{"title":"\u0627\u0628\u0644 \u0648\u062a\u0634 \u0627\u0633 \u0627\u064a 2","description":"Une montre connect\u00e9e abordable dot\u00e9e d'un processeur S8 et d'un \u00e9cran Retina OLED, prenant en charge le suivi d'activit\u00e9 et de sant\u00e9 (fr\u00e9quence cardiaque + d\u00e9tection des chutes), r\u00e9sistante \u00e0 l'eau jusqu'\u00e0 50 m\u00e8tres et disposant d'une batterie d'une autonomie allant jusqu'\u00e0 18 heures, mais qui ne poss\u00e8de pas de fonctionnalit\u00e9s avanc\u00e9es telles que l'affichage permanent et la mesure de l'oxyg\u00e8ne.","robots":{"index":"index","follow":"follow","max-snippet":"max-snippet:-1","max-image-preview":"max-image-preview:large","max-video-preview":"max-video-preview:-1"},"canonical":"https:\/\/alaryanmobile.com\/ar\/product\/%d8%a7%d8%a8%d9%84-%d9%88%d8%aa%d8%b4-%d8%a7%d8%b3-%d8%a7%d9%8a-2\/","og_locale":"ar_AR","og_type":"article","og_title":"\u0627\u0628\u0644 \u0648\u062a\u0634 \u0627\u0633 \u0627\u064a 2","og_description":"Une montre connect\u00e9e abordable dot\u00e9e d'un processeur S8 et d'un \u00e9cran Retina OLED, prenant en charge le suivi d'activit\u00e9 et de sant\u00e9 (fr\u00e9quence cardiaque + d\u00e9tection des chutes), r\u00e9sistante \u00e0 l'eau jusqu'\u00e0 50 m\u00e8tres et disposant d'une batterie d'une autonomie allant jusqu'\u00e0 18 heures, mais qui ne poss\u00e8de pas de fonctionnalit\u00e9s avanc\u00e9es telles que l'affichage permanent et la mesure de l'oxyg\u00e8ne.","og_url":"https:\/\/alaryanmobile.com\/ar\/product\/%d8%a7%d8%a8%d9%84-%d9%88%d8%aa%d8%b4-%d8%a7%d8%b3-%d8%a7%d9%8a-2\/","og_site_name":"Al-Aryan Mobile","article_modified_time":"2026-04-24T22:59:03+00:00","og_image":[{"width":600,"height":600,"url":"https:\/\/alaryanmobile.com\/wp-content\/uploads\/2026\/04\/AppleWatch_SE_GPS_Midnight_Aluminum_Midnight_Sport_Band_PDP_Image_Position-01_EN_1206x1206_fcee6d06-6a3a-4cbc-a5a3-8407d8f56224_600x600.webp","type":"image\/webp"}],"twitter_card":"summary_large_image","twitter_misc":{"\u0648\u0642\u062a \u0627\u0644\u0642\u0631\u0627\u0621\u0629 \u0627\u0644\u0645\u064f\u0642\u062f\u0651\u0631":"1 \u062f\u0642\u064a\u0642\u0629"},"schema":{"@context":"https:\/\/schema.org","@graph":[{"@type":["WebPage","ItemPage"],"@id":"https:\/\/alaryanmobile.com\/ar\/product\/%d8%a7%d8%a8%d9%84-%d9%88%d8%aa%d8%b4-%d8%a7%d8%b3-%d8%a7%d9%8a-2\/","url":"https:\/\/alaryanmobile.com\/ar\/product\/%d8%a7%d8%a8%d9%84-%d9%88%d8%aa%d8%b4-%d8%a7%d8%b3-%d8%a7%d9%8a-2\/","name":"\u0627\u0628\u0644 \u0648\u062a\u0634 \u0627\u0633 \u0627\u064a 2","isPartOf":{"@id":"https:\/\/alaryanmobile.com\/ar\/#website"},"primaryImageOfPage":{"@id":"https:\/\/alaryanmobile.com\/ar\/product\/%d8%a7%d8%a8%d9%84-%d9%88%d8%aa%d8%b4-%d8%a7%d8%b3-%d8%a7%d9%8a-2\/#primaryimage"},"image":{"@id":"https:\/\/alaryanmobile.com\/ar\/product\/%d8%a7%d8%a8%d9%84-%d9%88%d8%aa%d8%b4-%d8%a7%d8%b3-%d8%a7%d9%8a-2\/#primaryimage"},"thumbnailUrl":"https:\/\/alaryanmobile.com\/wp-content\/uploads\/2026\/04\/AppleWatch_SE_GPS_Midnight_Aluminum_Midnight_Sport_Band_PDP_Image_Position-01_EN_1206x1206_fcee6d06-6a3a-4cbc-a5a3-8407d8f56224_600x600.webp","datePublished":"2026-04-24T22:56:13+00:00","dateModified":"2026-04-24T22:59:03+00:00","description":"Une montre connect\u00e9e abordable dot\u00e9e d'un processeur S8 et d'un \u00e9cran Retina OLED, prenant en charge le suivi d'activit\u00e9 et de sant\u00e9 (fr\u00e9quence cardiaque + d\u00e9tection des chutes), r\u00e9sistante \u00e0 l'eau jusqu'\u00e0 50 m\u00e8tres et disposant d'une batterie d'une autonomie allant jusqu'\u00e0 18 heures, mais qui ne poss\u00e8de pas de fonctionnalit\u00e9s avanc\u00e9es telles que l'affichage permanent et la mesure de l'oxyg\u00e8ne.","breadcrumb":{"@id":"https:\/\/alaryanmobile.com\/ar\/product\/%d8%a7%d8%a8%d9%84-%d9%88%d8%aa%d8%b4-%d8%a7%d8%b3-%d8%a7%d9%8a-2\/#breadcrumb"},"inLanguage":"ar","potentialAction":[{"@type":"ReadAction","target":["https:\/\/alaryanmobile.com\/ar\/product\/%d8%a7%d8%a8%d9%84-%d9%88%d8%aa%d8%b4-%d8%a7%d8%b3-%d8%a7%d9%8a-2\/"]}]},{"@type":"ImageObject","inLanguage":"ar","@id":"https:\/\/alaryanmobile.com\/ar\/product\/%d8%a7%d8%a8%d9%84-%d9%88%d8%aa%d8%b4-%d8%a7%d8%b3-%d8%a7%d9%8a-2\/#primaryimage","url":"https:\/\/alaryanmobile.com\/wp-content\/uploads\/2026\/04\/AppleWatch_SE_GPS_Midnight_Aluminum_Midnight_Sport_Band_PDP_Image_Position-01_EN_1206x1206_fcee6d06-6a3a-4cbc-a5a3-8407d8f56224_600x600.webp","contentUrl":"https:\/\/alaryanmobile.com\/wp-content\/uploads\/2026\/04\/AppleWatch_SE_GPS_Midnight_Aluminum_Midnight_Sport_Band_PDP_Image_Position-01_EN_1206x1206_fcee6d06-6a3a-4cbc-a5a3-8407d8f56224_600x600.webp","width":600,"height":600,"caption":"Apple Watch SE 2"},{"@type":"BreadcrumbList","@id":"https:\/\/alaryanmobile.com\/ar\/product\/%d8%a7%d8%a8%d9%84-%d9%88%d8%aa%d8%b4-%d8%a7%d8%b3-%d8%a7%d9%8a-2\/#breadcrumb","itemListElement":[{"@type":"ListItem","position":1,"name":"Home","item":"https:\/\/alaryanmobile.com\/ar\/"},{"@type":"ListItem","position":2,"name":"\u0627\u0644\u0645\u062a\u062c\u0631","item":"https:\/\/alaryanmobile.com\/ar\/%d8%a7%d9%84%d9%85%d8%aa%d8%ac%d8%b1\/"},{"@type":"ListItem","position":3,"name":"\u0627\u0644\u0633\u0627\u0639\u0627\u062a \u0627\u0644\u0630\u0643\u064a\u0629 \u0648\u0623\u0633\u0627\u0648\u0631 \u0627\u0644\u0644\u064a\u0627\u0642\u0629","item":"https:\/\/alaryanmobile.com\/ar\/product-category\/smart-watches-bands\/"},{"@type":"ListItem","position":4,"name":"\u0627\u0644\u0633\u0627\u0639\u0627\u062a \u0627\u0644\u0630\u0643\u064a\u0629","item":"https:\/\/alaryanmobile.com\/ar\/product-category\/smart-watches-bands\/smart-watches\/"},{"@type":"ListItem","position":5,"name":"\u0627\u0628\u0644 \u0648\u062a\u0634 \u0627\u0633 \u0627\u064a 2"}]},{"@type":"WebSite","@id":"https:\/\/alaryanmobile.com\/ar\/#website","url":"https:\/\/alaryanmobile.com\/ar\/","name":"Al-Aryan Mobile","description":"Buy mobile phones, accessories, and smart devices in Jordan at great prices. Fast delivery, trusted products, and easy installment options. Shop online at Al-Aryan Mobile.","publisher":{"@id":"https:\/\/alaryanmobile.com\/ar\/#organization"},"potentialAction":[{"@type":"SearchAction","target":{"@type":"EntryPoint","urlTemplate":"https:\/\/alaryanmobile.com\/ar\/?s={search_term_string}"},"query-input":{"@type":"PropertyValueSpecification","valueRequired":true,"valueName":"search_term_string"}}],"inLanguage":"ar"},{"@type":"Organization","@id":"https:\/\/alaryanmobile.com\/ar\/#organization","name":"Al-Aryan Mobile","url":"https:\/\/alaryanmobile.com\/ar\/","logo":{"@type":"ImageObject","inLanguage":"ar","@id":"https:\/\/alaryanmobile.com\/ar\/#\/schema\/logo\/image\/","url":"https:\/\/alaryanmobile.com\/wp-content\/uploads\/2025\/12\/Al-Aryan-Mobile-logo.png","contentUrl":"https:\/\/alaryanmobile.com\/wp-content\/uploads\/2025\/12\/Al-Aryan-Mobile-logo.png","width":1080,"height":344,"caption":"Al-Aryan Mobile"},"image":{"@id":"https:\/\/alaryanmobile.com\/ar\/#\/schema\/logo\/image\/"}}]}},"jetpack_sharing_enabled":true,"_links":{"self":[{"href":"https:\/\/alaryanmobile.com\/ar\/wp-json\/wp\/v2\/product\/7432","targetHints":{"allow":["GET"]}}],"collection":[{"href":"https:\/\/alaryanmobile.com\/ar\/wp-json\/wp\/v2\/product"}],"about":[{"href":"https:\/\/alaryanmobile.com\/ar\/wp-json\/wp\/v2\/types\/product"}],"replies":[{"embeddable":true,"href":"https:\/\/alaryanmobile.com\/ar\/wp-json\/wp\/v2\/comments?post=7432"}],"wp:featuredmedia":[{"embeddable":true,"href":"https:\/\/alaryanmobile.com\/ar\/wp-json\/wp\/v2\/media\/7429"}],"wp:attachment":[{"href":"https:\/\/alaryanmobile.com\/ar\/wp-json\/wp\/v2\/media?parent=7432"}],"wp:term":[{"taxonomy":"product_brand","embeddable":true,"href":"https:\/\/alaryanmobile.com\/ar\/wp-json\/wp\/v2\/product_brand?post=7432"},{"taxonomy":"product_cat","embeddable":true,"href":"https:\/\/alaryanmobile.com\/ar\/wp-json\/wp\/v2\/product_cat?post=7432"},{"taxonomy":"product_tag","embeddable":true,"href":"https:\/\/alaryanmobile.com\/ar\/wp-json\/wp\/v2\/product_tag?post=7432"}],"curies":[{"name":"wp","href":"https:\/\/api.w.org\/{rel}","templated":true}]}}