{"id":7217,"date":"2026-04-18T15:51:59","date_gmt":"2026-04-18T12:51:59","guid":{"rendered":"https:\/\/alaryanmobile.com\/?post_type=product&#038;p=7217"},"modified":"2026-04-18T16:07:09","modified_gmt":"2026-04-18T13:07:09","slug":"%d8%a7%d9%8a%d8%a8%d8%a7%d8%af-%d8%a7%d8%b7%d9%81%d8%a7%d9%84","status":"publish","type":"product","link":"https:\/\/alaryanmobile.com\/ar\/product\/%d8%a7%d9%8a%d8%a8%d8%a7%d8%af-%d8%a7%d8%b7%d9%81%d8%a7%d9%84\/","title":{"rendered":"\u0627\u064a\u0628\u0627\u062f \u0627\u0637\u0641\u0627\u0644"},"content":{"rendered":"<h2>Une exp\u00e9rience d&#8217;apprentissage ludique et facile qui aide les enfants \u00e0 explorer, apprendre et d\u00e9velopper leur imagination, avec une conception durable et color\u00e9e faite pour r\u00e9sister \u00e0 une utilisation quotidienne, un contenu \u00e9ducatif riche qui apporte un r\u00e9el b\u00e9n\u00e9fice, ainsi qu&#8217;une puissante batterie de 3000 mAh qui assure de longues heures de jeu et d&#8217;apprentissage ininterrompus, offrant aux parents la tranquillit\u00e9 d&#8217;esprit et aux enfants un plaisir continu.<\/h2>\n","protected":false},"excerpt":{"rendered":"<p>Une exp\u00e9rience d&#8217;apprentissage ludique et facile qui aide les enfants \u00e0 explorer, apprendre et d\u00e9velopper leur imagination, avec une conception<\/p>\n","protected":false},"featured_media":7203,"comment_status":"open","ping_status":"closed","template":"","meta":{"_acf_changed":false},"product_brand":[586],"product_cat":[267],"product_tag":[],"class_list":{"0":"post-7217","1":"product","2":"type-product","3":"status-publish","4":"has-post-thumbnail","6":"product_brand-folg","7":"product_cat-tablets","9":"first","10":"instock","11":"sale","12":"taxable","13":"shipping-taxable","14":"purchasable","15":"product-type-variable"},"acf":[],"yoast_head":"<!-- This site is optimized with the Yoast SEO plugin v27.3 - https:\/\/yoast.com\/product\/yoast-seo-wordpress\/ -->\n<title>\u0627\u064a\u0628\u0627\u062f \u0627\u0637\u0641\u0627\u0644<\/title>\n<meta name=\"description\" content=\"Une exp\u00e9rience d&#039;apprentissage ludique et facile qui aide les enfants \u00e0 explorer, apprendre et d\u00e9velopper leur imagination, avec une conception durable et color\u00e9e faite pour r\u00e9sister \u00e0 une utilisation quotidienne, un contenu \u00e9ducatif riche qui apporte un r\u00e9el b\u00e9n\u00e9fice, ainsi qu&#039;une puissante batterie de 3000 mAh qui assure de longues heures de jeu et d&#039;apprentissage ininterrompus, offrant aux parents la tranquillit\u00e9 d&#039;esprit et aux enfants un plaisir continu.\" \/>\n<meta name=\"robots\" content=\"index, follow, max-snippet:-1, max-image-preview:large, max-video-preview:-1\" \/>\n<link rel=\"canonical\" href=\"https:\/\/alaryanmobile.com\/ar\/product\/%d8%a7%d9%8a%d8%a8%d8%a7%d8%af-%d8%a7%d8%b7%d9%81%d8%a7%d9%84\/\" \/>\n<meta property=\"og:locale\" content=\"ar_AR\" \/>\n<meta property=\"og:type\" content=\"article\" \/>\n<meta property=\"og:title\" content=\"\u0627\u064a\u0628\u0627\u062f \u0627\u0637\u0641\u0627\u0644\" \/>\n<meta property=\"og:description\" content=\"Une exp\u00e9rience d&#039;apprentissage ludique et facile qui aide les enfants \u00e0 explorer, apprendre et d\u00e9velopper leur imagination, avec une conception durable et color\u00e9e faite pour r\u00e9sister \u00e0 une utilisation quotidienne, un contenu \u00e9ducatif riche qui apporte un r\u00e9el b\u00e9n\u00e9fice, ainsi qu&#039;une puissante batterie de 3000 mAh qui assure de longues heures de jeu et d&#039;apprentissage ininterrompus, offrant aux parents la tranquillit\u00e9 d&#039;esprit et aux enfants un plaisir continu.\" \/>\n<meta property=\"og:url\" content=\"https:\/\/alaryanmobile.com\/ar\/product\/%d8%a7%d9%8a%d8%a8%d8%a7%d8%af-%d8%a7%d8%b7%d9%81%d8%a7%d9%84\/\" \/>\n<meta property=\"og:site_name\" content=\"Al-Aryan Mobile\" \/>\n<meta property=\"article:modified_time\" content=\"2026-04-18T13:07:09+00:00\" \/>\n<meta property=\"og:image\" content=\"https:\/\/alaryanmobile.com\/wp-content\/uploads\/2026\/04\/Untitled-1-1-scaled.jpg\" \/>\n\t<meta property=\"og:image:width\" content=\"2560\" \/>\n\t<meta property=\"og:image:height\" content=\"2560\" \/>\n\t<meta property=\"og:image:type\" content=\"image\/jpeg\" \/>\n<meta name=\"twitter:card\" content=\"summary_large_image\" \/>\n<meta name=\"twitter:label1\" content=\"\u0648\u0642\u062a \u0627\u0644\u0642\u0631\u0627\u0621\u0629 \u0627\u0644\u0645\u064f\u0642\u062f\u0651\u0631\" \/>\n\t<meta name=\"twitter:data1\" content=\"1 \u062f\u0642\u064a\u0642\u0629\" \/>\n<script type=\"application\/ld+json\" class=\"yoast-schema-graph\">{\"@context\":\"https:\\\/\\\/schema.org\",\"@graph\":[{\"@type\":[\"WebPage\",\"ItemPage\"],\"@id\":\"https:\\\/\\\/alaryanmobile.com\\\/ar\\\/product\\\/%d8%a7%d9%8a%d8%a8%d8%a7%d8%af-%d8%a7%d8%b7%d9%81%d8%a7%d9%84\\\/\",\"url\":\"https:\\\/\\\/alaryanmobile.com\\\/ar\\\/product\\\/%d8%a7%d9%8a%d8%a8%d8%a7%d8%af-%d8%a7%d8%b7%d9%81%d8%a7%d9%84\\\/\",\"name\":\"\u0627\u064a\u0628\u0627\u062f \u0627\u0637\u0641\u0627\u0644\",\"isPartOf\":{\"@id\":\"https:\\\/\\\/alaryanmobile.com\\\/ar\\\/#website\"},\"primaryImageOfPage\":{\"@id\":\"https:\\\/\\\/alaryanmobile.com\\\/ar\\\/product\\\/%d8%a7%d9%8a%d8%a8%d8%a7%d8%af-%d8%a7%d8%b7%d9%81%d8%a7%d9%84\\\/#primaryimage\"},\"image\":{\"@id\":\"https:\\\/\\\/alaryanmobile.com\\\/ar\\\/product\\\/%d8%a7%d9%8a%d8%a8%d8%a7%d8%af-%d8%a7%d8%b7%d9%81%d8%a7%d9%84\\\/#primaryimage\"},\"thumbnailUrl\":\"https:\\\/\\\/alaryanmobile.com\\\/wp-content\\\/uploads\\\/2026\\\/04\\\/Untitled-1-1-scaled.jpg\",\"datePublished\":\"2026-04-18T12:51:59+00:00\",\"dateModified\":\"2026-04-18T13:07:09+00:00\",\"description\":\"Une exp\u00e9rience d'apprentissage ludique et facile qui aide les enfants \u00e0 explorer, apprendre et d\u00e9velopper leur imagination, avec une conception durable et color\u00e9e faite pour r\u00e9sister \u00e0 une utilisation quotidienne, un contenu \u00e9ducatif riche qui apporte un r\u00e9el b\u00e9n\u00e9fice, ainsi qu'une puissante batterie de 3000 mAh qui assure de longues heures de jeu et d'apprentissage ininterrompus, offrant aux parents la tranquillit\u00e9 d'esprit et aux enfants un plaisir continu.\",\"breadcrumb\":{\"@id\":\"https:\\\/\\\/alaryanmobile.com\\\/ar\\\/product\\\/%d8%a7%d9%8a%d8%a8%d8%a7%d8%af-%d8%a7%d8%b7%d9%81%d8%a7%d9%84\\\/#breadcrumb\"},\"inLanguage\":\"ar\",\"potentialAction\":[{\"@type\":\"ReadAction\",\"target\":[\"https:\\\/\\\/alaryanmobile.com\\\/ar\\\/product\\\/%d8%a7%d9%8a%d8%a8%d8%a7%d8%af-%d8%a7%d8%b7%d9%81%d8%a7%d9%84\\\/\"]}]},{\"@type\":\"ImageObject\",\"inLanguage\":\"ar\",\"@id\":\"https:\\\/\\\/alaryanmobile.com\\\/ar\\\/product\\\/%d8%a7%d9%8a%d8%a8%d8%a7%d8%af-%d8%a7%d8%b7%d9%81%d8%a7%d9%84\\\/#primaryimage\",\"url\":\"https:\\\/\\\/alaryanmobile.com\\\/wp-content\\\/uploads\\\/2026\\\/04\\\/Untitled-1-1-scaled.jpg\",\"contentUrl\":\"https:\\\/\\\/alaryanmobile.com\\\/wp-content\\\/uploads\\\/2026\\\/04\\\/Untitled-1-1-scaled.jpg\",\"width\":2560,\"height\":2560,\"caption\":\"KIDS PAD\"},{\"@type\":\"BreadcrumbList\",\"@id\":\"https:\\\/\\\/alaryanmobile.com\\\/ar\\\/product\\\/%d8%a7%d9%8a%d8%a8%d8%a7%d8%af-%d8%a7%d8%b7%d9%81%d8%a7%d9%84\\\/#breadcrumb\",\"itemListElement\":[{\"@type\":\"ListItem\",\"position\":1,\"name\":\"Home\",\"item\":\"https:\\\/\\\/alaryanmobile.com\\\/ar\\\/\"},{\"@type\":\"ListItem\",\"position\":2,\"name\":\"\u0627\u0644\u0645\u062a\u062c\u0631\",\"item\":\"https:\\\/\\\/alaryanmobile.com\\\/ar\\\/%d8%a7%d9%84%d9%85%d8%aa%d8%ac%d8%b1\\\/\"},{\"@type\":\"ListItem\",\"position\":3,\"name\":\"\u0627\u0644\u0644\u0627\u0628\u062a\u0648\u0628 &amp; \u062a\u0627\u0628\u0644\u062a\",\"item\":\"https:\\\/\\\/alaryanmobile.com\\\/ar\\\/product-category\\\/laptops-tablets\\\/\"},{\"@type\":\"ListItem\",\"position\":4,\"name\":\"\u0627\u0644\u062a\u0627\u0628\u0644\u062a\",\"item\":\"https:\\\/\\\/alaryanmobile.com\\\/ar\\\/product-category\\\/laptops-tablets\\\/tablets\\\/\"},{\"@type\":\"ListItem\",\"position\":5,\"name\":\"\u0627\u064a\u0628\u0627\u062f \u0627\u0637\u0641\u0627\u0644\"}]},{\"@type\":\"WebSite\",\"@id\":\"https:\\\/\\\/alaryanmobile.com\\\/ar\\\/#website\",\"url\":\"https:\\\/\\\/alaryanmobile.com\\\/ar\\\/\",\"name\":\"Al-Aryan Mobile\",\"description\":\"Buy mobile phones, accessories, and smart devices in Jordan at great prices. Fast delivery, trusted products, and easy installment options. Shop online at Al-Aryan Mobile.\",\"publisher\":{\"@id\":\"https:\\\/\\\/alaryanmobile.com\\\/ar\\\/#organization\"},\"potentialAction\":[{\"@type\":\"SearchAction\",\"target\":{\"@type\":\"EntryPoint\",\"urlTemplate\":\"https:\\\/\\\/alaryanmobile.com\\\/ar\\\/?s={search_term_string}\"},\"query-input\":{\"@type\":\"PropertyValueSpecification\",\"valueRequired\":true,\"valueName\":\"search_term_string\"}}],\"inLanguage\":\"ar\"},{\"@type\":\"Organization\",\"@id\":\"https:\\\/\\\/alaryanmobile.com\\\/ar\\\/#organization\",\"name\":\"Al-Aryan Mobile\",\"url\":\"https:\\\/\\\/alaryanmobile.com\\\/ar\\\/\",\"logo\":{\"@type\":\"ImageObject\",\"inLanguage\":\"ar\",\"@id\":\"https:\\\/\\\/alaryanmobile.com\\\/ar\\\/#\\\/schema\\\/logo\\\/image\\\/\",\"url\":\"https:\\\/\\\/alaryanmobile.com\\\/wp-content\\\/uploads\\\/2025\\\/12\\\/Al-Aryan-Mobile-logo.png\",\"contentUrl\":\"https:\\\/\\\/alaryanmobile.com\\\/wp-content\\\/uploads\\\/2025\\\/12\\\/Al-Aryan-Mobile-logo.png\",\"width\":1080,\"height\":344,\"caption\":\"Al-Aryan Mobile\"},\"image\":{\"@id\":\"https:\\\/\\\/alaryanmobile.com\\\/ar\\\/#\\\/schema\\\/logo\\\/image\\\/\"}}]}<\/script>\n<!-- \/ Yoast SEO plugin. -->","yoast_head_json":{"title":"\u0627\u064a\u0628\u0627\u062f \u0627\u0637\u0641\u0627\u0644","description":"Une exp\u00e9rience d'apprentissage ludique et facile qui aide les enfants \u00e0 explorer, apprendre et d\u00e9velopper leur imagination, avec une conception durable et color\u00e9e faite pour r\u00e9sister \u00e0 une utilisation quotidienne, un contenu \u00e9ducatif riche qui apporte un r\u00e9el b\u00e9n\u00e9fice, ainsi qu'une puissante batterie de 3000 mAh qui assure de longues heures de jeu et d'apprentissage ininterrompus, offrant aux parents la tranquillit\u00e9 d'esprit et aux enfants un plaisir continu.","robots":{"index":"index","follow":"follow","max-snippet":"max-snippet:-1","max-image-preview":"max-image-preview:large","max-video-preview":"max-video-preview:-1"},"canonical":"https:\/\/alaryanmobile.com\/ar\/product\/%d8%a7%d9%8a%d8%a8%d8%a7%d8%af-%d8%a7%d8%b7%d9%81%d8%a7%d9%84\/","og_locale":"ar_AR","og_type":"article","og_title":"\u0627\u064a\u0628\u0627\u062f \u0627\u0637\u0641\u0627\u0644","og_description":"Une exp\u00e9rience d'apprentissage ludique et facile qui aide les enfants \u00e0 explorer, apprendre et d\u00e9velopper leur imagination, avec une conception durable et color\u00e9e faite pour r\u00e9sister \u00e0 une utilisation quotidienne, un contenu \u00e9ducatif riche qui apporte un r\u00e9el b\u00e9n\u00e9fice, ainsi qu'une puissante batterie de 3000 mAh qui assure de longues heures de jeu et d'apprentissage ininterrompus, offrant aux parents la tranquillit\u00e9 d'esprit et aux enfants un plaisir continu.","og_url":"https:\/\/alaryanmobile.com\/ar\/product\/%d8%a7%d9%8a%d8%a8%d8%a7%d8%af-%d8%a7%d8%b7%d9%81%d8%a7%d9%84\/","og_site_name":"Al-Aryan Mobile","article_modified_time":"2026-04-18T13:07:09+00:00","og_image":[{"width":2560,"height":2560,"url":"https:\/\/alaryanmobile.com\/wp-content\/uploads\/2026\/04\/Untitled-1-1-scaled.jpg","type":"image\/jpeg"}],"twitter_card":"summary_large_image","twitter_misc":{"\u0648\u0642\u062a \u0627\u0644\u0642\u0631\u0627\u0621\u0629 \u0627\u0644\u0645\u064f\u0642\u062f\u0651\u0631":"1 \u062f\u0642\u064a\u0642\u0629"},"schema":{"@context":"https:\/\/schema.org","@graph":[{"@type":["WebPage","ItemPage"],"@id":"https:\/\/alaryanmobile.com\/ar\/product\/%d8%a7%d9%8a%d8%a8%d8%a7%d8%af-%d8%a7%d8%b7%d9%81%d8%a7%d9%84\/","url":"https:\/\/alaryanmobile.com\/ar\/product\/%d8%a7%d9%8a%d8%a8%d8%a7%d8%af-%d8%a7%d8%b7%d9%81%d8%a7%d9%84\/","name":"\u0627\u064a\u0628\u0627\u062f \u0627\u0637\u0641\u0627\u0644","isPartOf":{"@id":"https:\/\/alaryanmobile.com\/ar\/#website"},"primaryImageOfPage":{"@id":"https:\/\/alaryanmobile.com\/ar\/product\/%d8%a7%d9%8a%d8%a8%d8%a7%d8%af-%d8%a7%d8%b7%d9%81%d8%a7%d9%84\/#primaryimage"},"image":{"@id":"https:\/\/alaryanmobile.com\/ar\/product\/%d8%a7%d9%8a%d8%a8%d8%a7%d8%af-%d8%a7%d8%b7%d9%81%d8%a7%d9%84\/#primaryimage"},"thumbnailUrl":"https:\/\/alaryanmobile.com\/wp-content\/uploads\/2026\/04\/Untitled-1-1-scaled.jpg","datePublished":"2026-04-18T12:51:59+00:00","dateModified":"2026-04-18T13:07:09+00:00","description":"Une exp\u00e9rience d'apprentissage ludique et facile qui aide les enfants \u00e0 explorer, apprendre et d\u00e9velopper leur imagination, avec une conception durable et color\u00e9e faite pour r\u00e9sister \u00e0 une utilisation quotidienne, un contenu \u00e9ducatif riche qui apporte un r\u00e9el b\u00e9n\u00e9fice, ainsi qu'une puissante batterie de 3000 mAh qui assure de longues heures de jeu et d'apprentissage ininterrompus, offrant aux parents la tranquillit\u00e9 d'esprit et aux enfants un plaisir continu.","breadcrumb":{"@id":"https:\/\/alaryanmobile.com\/ar\/product\/%d8%a7%d9%8a%d8%a8%d8%a7%d8%af-%d8%a7%d8%b7%d9%81%d8%a7%d9%84\/#breadcrumb"},"inLanguage":"ar","potentialAction":[{"@type":"ReadAction","target":["https:\/\/alaryanmobile.com\/ar\/product\/%d8%a7%d9%8a%d8%a8%d8%a7%d8%af-%d8%a7%d8%b7%d9%81%d8%a7%d9%84\/"]}]},{"@type":"ImageObject","inLanguage":"ar","@id":"https:\/\/alaryanmobile.com\/ar\/product\/%d8%a7%d9%8a%d8%a8%d8%a7%d8%af-%d8%a7%d8%b7%d9%81%d8%a7%d9%84\/#primaryimage","url":"https:\/\/alaryanmobile.com\/wp-content\/uploads\/2026\/04\/Untitled-1-1-scaled.jpg","contentUrl":"https:\/\/alaryanmobile.com\/wp-content\/uploads\/2026\/04\/Untitled-1-1-scaled.jpg","width":2560,"height":2560,"caption":"KIDS PAD"},{"@type":"BreadcrumbList","@id":"https:\/\/alaryanmobile.com\/ar\/product\/%d8%a7%d9%8a%d8%a8%d8%a7%d8%af-%d8%a7%d8%b7%d9%81%d8%a7%d9%84\/#breadcrumb","itemListElement":[{"@type":"ListItem","position":1,"name":"Home","item":"https:\/\/alaryanmobile.com\/ar\/"},{"@type":"ListItem","position":2,"name":"\u0627\u0644\u0645\u062a\u062c\u0631","item":"https:\/\/alaryanmobile.com\/ar\/%d8%a7%d9%84%d9%85%d8%aa%d8%ac%d8%b1\/"},{"@type":"ListItem","position":3,"name":"\u0627\u0644\u0644\u0627\u0628\u062a\u0648\u0628 &amp; \u062a\u0627\u0628\u0644\u062a","item":"https:\/\/alaryanmobile.com\/ar\/product-category\/laptops-tablets\/"},{"@type":"ListItem","position":4,"name":"\u0627\u0644\u062a\u0627\u0628\u0644\u062a","item":"https:\/\/alaryanmobile.com\/ar\/product-category\/laptops-tablets\/tablets\/"},{"@type":"ListItem","position":5,"name":"\u0627\u064a\u0628\u0627\u062f \u0627\u0637\u0641\u0627\u0644"}]},{"@type":"WebSite","@id":"https:\/\/alaryanmobile.com\/ar\/#website","url":"https:\/\/alaryanmobile.com\/ar\/","name":"Al-Aryan Mobile","description":"Buy mobile phones, accessories, and smart devices in Jordan at great prices. Fast delivery, trusted products, and easy installment options. Shop online at Al-Aryan Mobile.","publisher":{"@id":"https:\/\/alaryanmobile.com\/ar\/#organization"},"potentialAction":[{"@type":"SearchAction","target":{"@type":"EntryPoint","urlTemplate":"https:\/\/alaryanmobile.com\/ar\/?s={search_term_string}"},"query-input":{"@type":"PropertyValueSpecification","valueRequired":true,"valueName":"search_term_string"}}],"inLanguage":"ar"},{"@type":"Organization","@id":"https:\/\/alaryanmobile.com\/ar\/#organization","name":"Al-Aryan Mobile","url":"https:\/\/alaryanmobile.com\/ar\/","logo":{"@type":"ImageObject","inLanguage":"ar","@id":"https:\/\/alaryanmobile.com\/ar\/#\/schema\/logo\/image\/","url":"https:\/\/alaryanmobile.com\/wp-content\/uploads\/2025\/12\/Al-Aryan-Mobile-logo.png","contentUrl":"https:\/\/alaryanmobile.com\/wp-content\/uploads\/2025\/12\/Al-Aryan-Mobile-logo.png","width":1080,"height":344,"caption":"Al-Aryan Mobile"},"image":{"@id":"https:\/\/alaryanmobile.com\/ar\/#\/schema\/logo\/image\/"}}]}},"jetpack_sharing_enabled":true,"_links":{"self":[{"href":"https:\/\/alaryanmobile.com\/ar\/wp-json\/wp\/v2\/product\/7217","targetHints":{"allow":["GET"]}}],"collection":[{"href":"https:\/\/alaryanmobile.com\/ar\/wp-json\/wp\/v2\/product"}],"about":[{"href":"https:\/\/alaryanmobile.com\/ar\/wp-json\/wp\/v2\/types\/product"}],"replies":[{"embeddable":true,"href":"https:\/\/alaryanmobile.com\/ar\/wp-json\/wp\/v2\/comments?post=7217"}],"wp:featuredmedia":[{"embeddable":true,"href":"https:\/\/alaryanmobile.com\/ar\/wp-json\/wp\/v2\/media\/7203"}],"wp:attachment":[{"href":"https:\/\/alaryanmobile.com\/ar\/wp-json\/wp\/v2\/media?parent=7217"}],"wp:term":[{"taxonomy":"product_brand","embeddable":true,"href":"https:\/\/alaryanmobile.com\/ar\/wp-json\/wp\/v2\/product_brand?post=7217"},{"taxonomy":"product_cat","embeddable":true,"href":"https:\/\/alaryanmobile.com\/ar\/wp-json\/wp\/v2\/product_cat?post=7217"},{"taxonomy":"product_tag","embeddable":true,"href":"https:\/\/alaryanmobile.com\/ar\/wp-json\/wp\/v2\/product_tag?post=7217"}],"curies":[{"name":"wp","href":"https:\/\/api.w.org\/{rel}","templated":true}]}}